{"id":13,"date":"2026-01-20T14:54:12","date_gmt":"2026-01-20T14:54:12","guid":{"rendered":"https:\/\/toptasteknik.com\/blog\/?page_id=13"},"modified":"2026-01-20T14:54:13","modified_gmt":"2026-01-20T14:54:13","slug":"iletisim","status":"publish","type":"page","link":"https:\/\/toptasteknik.com\/blog\/iletisim\/","title":{"rendered":"\u0130leti\u015fim"},"content":{"rendered":"\n<p><br>\u0130stanbul Genel Servis A\u011f\u0131<\/p>\n\n\n\n<p>+90 545 712 17 10<\/p>\n\n\n\n<p>toptasteknik34@gmail.com<\/p>\n\n\n\n<p>Kaan Usta: H\u0131zl\u0131 \u00e7\u00f6z\u00fcm, profesyonel hizmet.<\/p>\n","protected":false},"excerpt":{"rendered":"<p>\u0130stanbul Genel Servis A\u011f\u0131 +90 545 712 17 10 toptasteknik34@gmail.com Kaan Usta: H\u0131zl\u0131 \u00e7\u00f6z\u00fcm, profesyonel hizmet.<\/p>\n","protected":false},"author":1,"featured_media":9,"parent":0,"menu_order":0,"comment_status":"closed","ping_status":"closed","template":"","meta":{"footnotes":""},"class_list":["post-13","page","type-page","status-publish","has-post-thumbnail","hentry"],"_links":{"self":[{"href":"https:\/\/toptasteknik.com\/blog\/wp-json\/wp\/v2\/pages\/13","targetHints":{"allow":["GET"]}}],"collection":[{"href":"https:\/\/toptasteknik.com\/blog\/wp-json\/wp\/v2\/pages"}],"about":[{"href":"https:\/\/toptasteknik.com\/blog\/wp-json\/wp\/v2\/types\/page"}],"author":[{"embeddable":true,"href":"https:\/\/toptasteknik.com\/blog\/wp-json\/wp\/v2\/users\/1"}],"replies":[{"embeddable":true,"href":"https:\/\/toptasteknik.com\/blog\/wp-json\/wp\/v2\/comments?post=13"}],"version-history":[{"count":1,"href":"https:\/\/toptasteknik.com\/blog\/wp-json\/wp\/v2\/pages\/13\/revisions"}],"predecessor-version":[{"id":14,"href":"https:\/\/toptasteknik.com\/blog\/wp-json\/wp\/v2\/pages\/13\/revisions\/14"}],"wp:featuredmedia":[{"embeddable":true,"href":"https:\/\/toptasteknik.com\/blog\/wp-json\/wp\/v2\/media\/9"}],"wp:attachment":[{"href":"https:\/\/toptasteknik.com\/blog\/wp-json\/wp\/v2\/media?parent=13"}],"curies":[{"name":"wp","href":"https:\/\/api.w.org\/{rel}","templated":true}]}}